{"id":3245,"date":"2023-03-20T17:03:11","date_gmt":"2023-03-20T17:03:11","guid":{"rendered":"https:\/\/bellacloths.com\/?product=hausmadchen-set-cr3855"},"modified":"2023-03-20T17:03:31","modified_gmt":"2023-03-20T17:03:31","slug":"hausmadchen-set-cr3855","status":"publish","type":"product","link":"https:\/\/bellacloths.com\/?product=hausmadchen-set-cr3855","title":{"rendered":"Hausm\u00e4dchen-Set CR3855"},"content":{"rendered":"<p>Sexy Hausm\u00e4dchen-Set CR3855<br \/>Sexy Kost\u00fcm-Set bestehend aus: Spitzen-Top zum Binden, BH, Rock, Sch\u00fcrze, Haarreif, Str\u00fcmpfe und String.<\/p>\n<p>Farben: schwarz\/wei\u00df<br \/>Gr\u00f6\u00dfen: S\/M oder L\/XL<\/p>\n<p>Material: 90% Polyester, 10% Elasthan<\/p>\n","protected":false},"excerpt":{"rendered":"<p>Sexy Hausm\u00e4dchen-Set CR3855Sexy Kost\u00fcm-Set bestehend aus: Spitzen-Top zum Binden, BH, Rock, Sch\u00fcrze, Haarreif, Str\u00fcmpfe und String. Farben: schwarz\/wei\u00dfGr\u00f6\u00dfen: S\/M oder L\/XL Material: 90% Polyester, 10% Elasthan<\/p>\n","protected":false},"featured_media":3246,"comment_status":"closed","ping_status":"open","template":"","meta":{"site-sidebar-layout":"default","site-content-layout":"default","ast-global-header-display":"","ast-main-header-display":"","ast-hfb-above-header-display":"","ast-hfb-below-header-display":"","ast-hfb-mobile-header-display":"","site-post-title":"","ast-breadcrumbs-content":"","ast-featured-img":"","footer-sml-layout":"","theme-transparent-header-meta":"","adv-header-id-meta":"","stick-header-meta":"","header-above-stick-meta":"","header-main-stick-meta":"","header-below-stick-meta":""},"product_cat":[39],"product_tag":[],"class_list":{"0":"post-3245","1":"product","2":"type-product","3":"status-publish","4":"has-post-thumbnail","6":"product_cat-outfits-kostume","7":"pa_size-l-xl","8":"pa_size-s-m","9":"desktop-align-left","10":"tablet-align-left","11":"mobile-align-left","13":"first","14":"instock","15":"purchasable","16":"product-type-variable"},"_links":{"self":[{"href":"https:\/\/bellacloths.com\/index.php?rest_route=\/wp\/v2\/product\/3245","targetHints":{"allow":["GET"]}}],"collection":[{"href":"https:\/\/bellacloths.com\/index.php?rest_route=\/wp\/v2\/product"}],"about":[{"href":"https:\/\/bellacloths.com\/index.php?rest_route=\/wp\/v2\/types\/product"}],"replies":[{"embeddable":true,"href":"https:\/\/bellacloths.com\/index.php?rest_route=%2Fwp%2Fv2%2Fcomments&post=3245"}],"wp:featuredmedia":[{"embeddable":true,"href":"https:\/\/bellacloths.com\/index.php?rest_route=\/wp\/v2\/media\/3246"}],"wp:attachment":[{"href":"https:\/\/bellacloths.com\/index.php?rest_route=%2Fwp%2Fv2%2Fmedia&parent=3245"}],"wp:term":[{"taxonomy":"product_cat","embeddable":true,"href":"https:\/\/bellacloths.com\/index.php?rest_route=%2Fwp%2Fv2%2Fproduct_cat&post=3245"},{"taxonomy":"product_tag","embeddable":true,"href":"https:\/\/bellacloths.com\/index.php?rest_route=%2Fwp%2Fv2%2Fproduct_tag&post=3245"}],"curies":[{"name":"wp","href":"https:\/\/api.w.org\/{rel}","templated":true}]}}