{"id":3262,"date":"2023-03-20T17:03:30","date_gmt":"2023-03-20T17:03:30","guid":{"rendered":"https:\/\/bellacloths.com\/?product=langes-kleid-cr3858-schwarz"},"modified":"2023-03-20T17:04:18","modified_gmt":"2023-03-20T17:04:18","slug":"langes-kleid-cr3858-schwarz","status":"publish","type":"product","link":"https:\/\/bellacloths.com\/?product=langes-kleid-cr3858-schwarz","title":{"rendered":"Langes Kleid CR3858 schwarz"},"content":{"rendered":"<p>Langes Kleid CR3858 schwarz (Chilirose)<br \/>Schwarzes, langes Kleid mit Schlitzen. Elastisches Material mit weicher, gro\u00dffl\u00e4chiger Spitze.<\/p>\n<p>Farbe: schwarz<br \/>Gr\u00f6\u00dfen: S oder M<\/p>\n<p>Material: 90% Polyester, 10% Elasthan<\/p>\n","protected":false},"excerpt":{"rendered":"<p>Langes Kleid CR3858 schwarz (Chilirose)Schwarzes, langes Kleid mit Schlitzen. Elastisches Material mit weicher, gro\u00dffl\u00e4chiger Spitze. Farbe: schwarzGr\u00f6\u00dfen: S oder M Material: 90% Polyester, 10% Elasthan<\/p>\n","protected":false},"featured_media":3263,"comment_status":"closed","ping_status":"open","template":"","meta":{"site-sidebar-layout":"default","site-content-layout":"default","ast-global-header-display":"","ast-main-header-display":"","ast-hfb-above-header-display":"","ast-hfb-below-header-display":"","ast-hfb-mobile-header-display":"","site-post-title":"","ast-breadcrumbs-content":"","ast-featured-img":"","footer-sml-layout":"","theme-transparent-header-meta":"","adv-header-id-meta":"","stick-header-meta":"","header-above-stick-meta":"","header-main-stick-meta":"","header-below-stick-meta":""},"product_cat":[40],"product_tag":[],"class_list":{"0":"post-3262","1":"product","2":"type-product","3":"status-publish","4":"has-post-thumbnail","6":"product_cat-kleider-tops","7":"pa_size-m","8":"pa_size-s","9":"desktop-align-left","10":"tablet-align-left","11":"mobile-align-left","13":"first","14":"instock","15":"purchasable","16":"product-type-variable"},"_links":{"self":[{"href":"https:\/\/bellacloths.com\/index.php?rest_route=\/wp\/v2\/product\/3262","targetHints":{"allow":["GET"]}}],"collection":[{"href":"https:\/\/bellacloths.com\/index.php?rest_route=\/wp\/v2\/product"}],"about":[{"href":"https:\/\/bellacloths.com\/index.php?rest_route=\/wp\/v2\/types\/product"}],"replies":[{"embeddable":true,"href":"https:\/\/bellacloths.com\/index.php?rest_route=%2Fwp%2Fv2%2Fcomments&post=3262"}],"wp:featuredmedia":[{"embeddable":true,"href":"https:\/\/bellacloths.com\/index.php?rest_route=\/wp\/v2\/media\/3263"}],"wp:attachment":[{"href":"https:\/\/bellacloths.com\/index.php?rest_route=%2Fwp%2Fv2%2Fmedia&parent=3262"}],"wp:term":[{"taxonomy":"product_cat","embeddable":true,"href":"https:\/\/bellacloths.com\/index.php?rest_route=%2Fwp%2Fv2%2Fproduct_cat&post=3262"},{"taxonomy":"product_tag","embeddable":true,"href":"https:\/\/bellacloths.com\/index.php?rest_route=%2Fwp%2Fv2%2Fproduct_tag&post=3262"}],"curies":[{"name":"wp","href":"https:\/\/api.w.org\/{rel}","templated":true}]}}