{"id":3269,"date":"2023-03-20T17:03:54","date_gmt":"2023-03-20T17:03:54","guid":{"rendered":"https:\/\/bellacloths.com\/?product=wetlook-corsage-string-cr3869"},"modified":"2023-03-20T17:04:49","modified_gmt":"2023-03-20T17:04:49","slug":"wetlook-corsage-string-cr3869","status":"publish","type":"product","link":"https:\/\/bellacloths.com\/?product=wetlook-corsage-string-cr3869","title":{"rendered":"Wetlook-Corsage + String CR3869"},"content":{"rendered":"<p>Chilirose CR3869 Wetlook-Corsage+ String schwarz<br \/>Einzigartige Corsage mit Frontrei\u00dfverschluss und R\u00fcckenschn\u00fcrung f\u00fcr eine individuelle Passform sowie sexy Nietenverzierung. Die vertikalen St\u00e4bchen wirken figurschmeichelnd.<\/p>\n<p>Gr\u00f6\u00dfen: S, M, L, XL<br \/>Farbe: schwarz<\/p>\n<p>Material: 60% Polyurethan, 20% Polyester, 20% Elasthan<\/p>\n","protected":false},"excerpt":{"rendered":"<p>Chilirose CR3869 Wetlook-Corsage+ String schwarzEinzigartige Corsage mit Frontrei\u00dfverschluss und R\u00fcckenschn\u00fcrung f\u00fcr eine individuelle Passform sowie sexy Nietenverzierung. Die vertikalen St\u00e4bchen wirken figurschmeichelnd. Gr\u00f6\u00dfen: S, M, L, XLFarbe: schwarz Material: 60% Polyurethan, 20% Polyester, 20% Elasthan<\/p>\n","protected":false},"featured_media":3270,"comment_status":"closed","ping_status":"open","template":"","meta":{"site-sidebar-layout":"default","site-content-layout":"default","ast-global-header-display":"","ast-main-header-display":"","ast-hfb-above-header-display":"","ast-hfb-below-header-display":"","ast-hfb-mobile-header-display":"","site-post-title":"","ast-breadcrumbs-content":"","ast-featured-img":"","footer-sml-layout":"","theme-transparent-header-meta":"","adv-header-id-meta":"","stick-header-meta":"","header-above-stick-meta":"","header-main-stick-meta":"","header-below-stick-meta":""},"product_cat":[56],"product_tag":[],"class_list":{"0":"post-3269","1":"product","2":"type-product","3":"status-publish","4":"has-post-thumbnail","6":"product_cat-corsagen","7":"pa_size-xl","8":"pa_size-l","9":"pa_size-m","10":"pa_size-s","11":"desktop-align-left","12":"tablet-align-left","13":"mobile-align-left","15":"first","16":"instock","17":"purchasable","18":"product-type-variable"},"_links":{"self":[{"href":"https:\/\/bellacloths.com\/index.php?rest_route=\/wp\/v2\/product\/3269","targetHints":{"allow":["GET"]}}],"collection":[{"href":"https:\/\/bellacloths.com\/index.php?rest_route=\/wp\/v2\/product"}],"about":[{"href":"https:\/\/bellacloths.com\/index.php?rest_route=\/wp\/v2\/types\/product"}],"replies":[{"embeddable":true,"href":"https:\/\/bellacloths.com\/index.php?rest_route=%2Fwp%2Fv2%2Fcomments&post=3269"}],"wp:featuredmedia":[{"embeddable":true,"href":"https:\/\/bellacloths.com\/index.php?rest_route=\/wp\/v2\/media\/3270"}],"wp:attachment":[{"href":"https:\/\/bellacloths.com\/index.php?rest_route=%2Fwp%2Fv2%2Fmedia&parent=3269"}],"wp:term":[{"taxonomy":"product_cat","embeddable":true,"href":"https:\/\/bellacloths.com\/index.php?rest_route=%2Fwp%2Fv2%2Fproduct_cat&post=3269"},{"taxonomy":"product_tag","embeddable":true,"href":"https:\/\/bellacloths.com\/index.php?rest_route=%2Fwp%2Fv2%2Fproduct_tag&post=3269"}],"curies":[{"name":"wp","href":"https:\/\/api.w.org\/{rel}","templated":true}]}}