{"id":3281,"date":"2023-03-20T17:04:20","date_gmt":"2023-03-20T17:04:20","guid":{"rendered":"https:\/\/bellacloths.com\/?product=chemise-sb-1003"},"modified":"2023-03-20T17:04:59","modified_gmt":"2023-03-20T17:04:59","slug":"chemise-sb-1003","status":"publish","type":"product","link":"https:\/\/bellacloths.com\/?product=chemise-sb-1003","title":{"rendered":"Chemise SB\/1003"},"content":{"rendered":"<p>Sexy Base Kollektion: Wetlook-Chemise von Andalea<br \/>Chemise aus schwarzem Wetlook-Material mit Cups aus sinnlicher, roter Spitze. Durch verstellbare Tr\u00e4ger und die lange R\u00fcckenschn\u00fcrung l\u00e4sst sich das Chemise an jeden Figurentyp anpassen. Lieferung in neutraler Geschenkverpackung!<\/p>\n<p>Made in EU!<\/p>\n<p>Farben: schwarz\/rot<br \/>Gr\u00f6\u00dfen: 38\/40, 42\/44, 46\/48, 50\/52, 54\/56<\/p>\n<p>Material: 55% Polyester, 39% Polyamid, 6% Elasthan<\/p>\n","protected":false},"excerpt":{"rendered":"<p>Sexy Base Kollektion: Wetlook-Chemise von AndaleaChemise aus schwarzem Wetlook-Material mit Cups aus sinnlicher, roter Spitze. Durch verstellbare Tr\u00e4ger und die lange R\u00fcckenschn\u00fcrung l\u00e4sst sich das Chemise an jeden Figurentyp anpassen. Lieferung in neutraler Geschenkverpackung! Made in EU! Farben: schwarz\/rotGr\u00f6\u00dfen: 38\/40, 42\/44, 46\/48, 50\/52, 54\/56 Material: 55% Polyester, 39% Polyamid, 6% Elasthan<\/p>\n","protected":false},"featured_media":3282,"comment_status":"closed","ping_status":"open","template":"","meta":{"site-sidebar-layout":"default","site-content-layout":"default","ast-global-header-display":"","ast-main-header-display":"","ast-hfb-above-header-display":"","ast-hfb-below-header-display":"","ast-hfb-mobile-header-display":"","site-post-title":"","ast-breadcrumbs-content":"","ast-featured-img":"","footer-sml-layout":"","theme-transparent-header-meta":"","adv-header-id-meta":"","stick-header-meta":"","header-above-stick-meta":"","header-main-stick-meta":"","header-below-stick-meta":""},"product_cat":[41],"product_tag":[],"class_list":{"0":"post-3281","1":"product","2":"type-product","3":"status-publish","4":"has-post-thumbnail","6":"product_cat-babydolls-negligees","7":"pa_size-38-40","8":"pa_size-42-44","9":"pa_size-46-48","10":"pa_size-50-52","11":"pa_size-54-56","12":"desktop-align-left","13":"tablet-align-left","14":"mobile-align-left","16":"first","17":"instock","18":"purchasable","19":"product-type-variable"},"_links":{"self":[{"href":"https:\/\/bellacloths.com\/index.php?rest_route=\/wp\/v2\/product\/3281","targetHints":{"allow":["GET"]}}],"collection":[{"href":"https:\/\/bellacloths.com\/index.php?rest_route=\/wp\/v2\/product"}],"about":[{"href":"https:\/\/bellacloths.com\/index.php?rest_route=\/wp\/v2\/types\/product"}],"replies":[{"embeddable":true,"href":"https:\/\/bellacloths.com\/index.php?rest_route=%2Fwp%2Fv2%2Fcomments&post=3281"}],"wp:featuredmedia":[{"embeddable":true,"href":"https:\/\/bellacloths.com\/index.php?rest_route=\/wp\/v2\/media\/3282"}],"wp:attachment":[{"href":"https:\/\/bellacloths.com\/index.php?rest_route=%2Fwp%2Fv2%2Fmedia&parent=3281"}],"wp:term":[{"taxonomy":"product_cat","embeddable":true,"href":"https:\/\/bellacloths.com\/index.php?rest_route=%2Fwp%2Fv2%2Fproduct_cat&post=3281"},{"taxonomy":"product_tag","embeddable":true,"href":"https:\/\/bellacloths.com\/index.php?rest_route=%2Fwp%2Fv2%2Fproduct_tag&post=3281"}],"curies":[{"name":"wp","href":"https:\/\/api.w.org\/{rel}","templated":true}]}}