{"id":3329,"date":"2023-03-20T17:05:21","date_gmt":"2023-03-20T17:05:21","guid":{"rendered":"https:\/\/bellacloths.com\/?product=bisquitta-teddy-weis-beige"},"modified":"2023-03-20T17:05:39","modified_gmt":"2023-03-20T17:05:39","slug":"bisquitta-teddy-weis-beige","status":"publish","type":"product","link":"https:\/\/bellacloths.com\/?product=bisquitta-teddy-weis-beige","title":{"rendered":"Bisquitta Teddy wei\u00df\/beige"},"content":{"rendered":"<p>Teddy &#8220;Bisquitta&#8221; wei\u00df\/beige von Obsessive<br \/>Reich geschm\u00fcckter Spitzen-Body mit einzigartigem Schnitt und verstellbaren B\u00e4ndern, die Ihre weiblichen Kurven betonen. Mit nickelfreiem Zirkonschmuckdetail.<\/p>\n<p>Farben: wei\u00df\/beige<br \/>Gr\u00f6\u00dfe: S\/M one-size<\/p>\n<p>Material: 90% Polyamid, 10% Elasthan<\/p>\n","protected":false},"excerpt":{"rendered":"<p>Teddy &#8220;Bisquitta&#8221; wei\u00df\/beige von ObsessiveReich geschm\u00fcckter Spitzen-Body mit einzigartigem Schnitt und verstellbaren B\u00e4ndern, die Ihre weiblichen Kurven betonen. Mit nickelfreiem Zirkonschmuckdetail. Farben: wei\u00df\/beigeGr\u00f6\u00dfe: S\/M one-size Material: 90% Polyamid, 10% Elasthan<\/p>\n","protected":false},"featured_media":3330,"comment_status":"closed","ping_status":"open","template":"","meta":{"site-sidebar-layout":"default","site-content-layout":"default","ast-global-header-display":"","ast-main-header-display":"","ast-hfb-above-header-display":"","ast-hfb-below-header-display":"","ast-hfb-mobile-header-display":"","site-post-title":"","ast-breadcrumbs-content":"","ast-featured-img":"","footer-sml-layout":"","theme-transparent-header-meta":"","adv-header-id-meta":"","stick-header-meta":"","header-above-stick-meta":"","header-main-stick-meta":"","header-below-stick-meta":""},"product_cat":[28],"product_tag":[],"class_list":{"0":"post-3329","1":"product","2":"type-product","3":"status-publish","4":"has-post-thumbnail","6":"product_cat-bodies-catsuits","7":"desktop-align-left","8":"tablet-align-left","9":"mobile-align-left","11":"first","12":"outofstock","13":"purchasable","14":"product-type-simple"},"_links":{"self":[{"href":"https:\/\/bellacloths.com\/index.php?rest_route=\/wp\/v2\/product\/3329","targetHints":{"allow":["GET"]}}],"collection":[{"href":"https:\/\/bellacloths.com\/index.php?rest_route=\/wp\/v2\/product"}],"about":[{"href":"https:\/\/bellacloths.com\/index.php?rest_route=\/wp\/v2\/types\/product"}],"replies":[{"embeddable":true,"href":"https:\/\/bellacloths.com\/index.php?rest_route=%2Fwp%2Fv2%2Fcomments&post=3329"}],"wp:featuredmedia":[{"embeddable":true,"href":"https:\/\/bellacloths.com\/index.php?rest_route=\/wp\/v2\/media\/3330"}],"wp:attachment":[{"href":"https:\/\/bellacloths.com\/index.php?rest_route=%2Fwp%2Fv2%2Fmedia&parent=3329"}],"wp:term":[{"taxonomy":"product_cat","embeddable":true,"href":"https:\/\/bellacloths.com\/index.php?rest_route=%2Fwp%2Fv2%2Fproduct_cat&post=3329"},{"taxonomy":"product_tag","embeddable":true,"href":"https:\/\/bellacloths.com\/index.php?rest_route=%2Fwp%2Fv2%2Fproduct_tag&post=3329"}],"curies":[{"name":"wp","href":"https:\/\/api.w.org\/{rel}","templated":true}]}}