{"id":3341,"date":"2023-03-20T17:05:44","date_gmt":"2023-03-20T17:05:44","guid":{"rendered":"https:\/\/bellacloths.com\/?product=secred-chemise"},"modified":"2023-03-20T17:06:09","modified_gmt":"2023-03-20T17:06:09","slug":"secred-chemise","status":"publish","type":"product","link":"https:\/\/bellacloths.com\/?product=secred-chemise","title":{"rendered":"Secred Chemise"},"content":{"rendered":"<p>Secred Chemise von &#8220;Obsessive&#8221;<br \/>Romantisches Chemise aus rotem Satinmaterial, das sich elastisch dem K\u00f6rper anpasst. Verstellbare Tr\u00e4ger f\u00fcr eine optimale Passform und Spitzendetails im Brustbereich und an den Seiten. Passender String enthalten.<\/p>\n<p>Farbe: rot<br \/>Gr\u00f6\u00dfen: S\/M, L\/XL oder XXL<\/p>\n<p>Material: 100% Polyester<\/p>\n","protected":false},"excerpt":{"rendered":"<p>Secred Chemise von &#8220;Obsessive&#8221;Romantisches Chemise aus rotem Satinmaterial, das sich elastisch dem K\u00f6rper anpasst. Verstellbare Tr\u00e4ger f\u00fcr eine optimale Passform und Spitzendetails im Brustbereich und an den Seiten. Passender String enthalten. Farbe: rotGr\u00f6\u00dfen: S\/M, L\/XL oder XXL Material: 100% Polyester<\/p>\n","protected":false},"featured_media":3342,"comment_status":"closed","ping_status":"open","template":"","meta":{"site-sidebar-layout":"default","site-content-layout":"default","ast-global-header-display":"","ast-main-header-display":"","ast-hfb-above-header-display":"","ast-hfb-below-header-display":"","ast-hfb-mobile-header-display":"","site-post-title":"","ast-breadcrumbs-content":"","ast-featured-img":"","footer-sml-layout":"","theme-transparent-header-meta":"","adv-header-id-meta":"","stick-header-meta":"","header-above-stick-meta":"","header-main-stick-meta":"","header-below-stick-meta":""},"product_cat":[41],"product_tag":[],"class_list":{"0":"post-3341","1":"product","2":"type-product","3":"status-publish","4":"has-post-thumbnail","6":"product_cat-babydolls-negligees","7":"pa_size-l-xl","8":"pa_size-s-m","9":"pa_size-xxl","10":"desktop-align-left","11":"tablet-align-left","12":"mobile-align-left","14":"first","15":"instock","16":"purchasable","17":"product-type-variable"},"_links":{"self":[{"href":"https:\/\/bellacloths.com\/index.php?rest_route=\/wp\/v2\/product\/3341","targetHints":{"allow":["GET"]}}],"collection":[{"href":"https:\/\/bellacloths.com\/index.php?rest_route=\/wp\/v2\/product"}],"about":[{"href":"https:\/\/bellacloths.com\/index.php?rest_route=\/wp\/v2\/types\/product"}],"replies":[{"embeddable":true,"href":"https:\/\/bellacloths.com\/index.php?rest_route=%2Fwp%2Fv2%2Fcomments&post=3341"}],"wp:featuredmedia":[{"embeddable":true,"href":"https:\/\/bellacloths.com\/index.php?rest_route=\/wp\/v2\/media\/3342"}],"wp:attachment":[{"href":"https:\/\/bellacloths.com\/index.php?rest_route=%2Fwp%2Fv2%2Fmedia&parent=3341"}],"wp:term":[{"taxonomy":"product_cat","embeddable":true,"href":"https:\/\/bellacloths.com\/index.php?rest_route=%2Fwp%2Fv2%2Fproduct_cat&post=3341"},{"taxonomy":"product_tag","embeddable":true,"href":"https:\/\/bellacloths.com\/index.php?rest_route=%2Fwp%2Fv2%2Fproduct_tag&post=3341"}],"curies":[{"name":"wp","href":"https:\/\/api.w.org\/{rel}","templated":true}]}}