{"id":3348,"date":"2023-03-20T17:06:08","date_gmt":"2023-03-20T17:06:08","guid":{"rendered":"https:\/\/bellacloths.com\/?product=sexy-set-rot-cr3890"},"modified":"2023-03-20T17:06:40","modified_gmt":"2023-03-20T17:06:40","slug":"sexy-set-rot-cr3890","status":"publish","type":"product","link":"https:\/\/bellacloths.com\/?product=sexy-set-rot-cr3890","title":{"rendered":"Sexy Set rot CR3890"},"content":{"rendered":"<p>Chilirose CR3890 Erotik-Set in rot<br \/>Rotes Spitzen-Set: BH mit B\u00fcgel-Cups und Hakenverschluss, aus hochwertiger Spitze und T\u00fcllmaterial. Verstellbarer Strumpfhalterg\u00fcrtel und Spitzen-String.<\/p>\n<p>Farbe: rot<br \/>Gr\u00f6\u00dfen: S\/M oder L\/XL<\/p>\n<p>Material: 90% Polyester, 10% Elasthan<\/p>\n","protected":false},"excerpt":{"rendered":"<p>Chilirose CR3890 Erotik-Set in rotRotes Spitzen-Set: BH mit B\u00fcgel-Cups und Hakenverschluss, aus hochwertiger Spitze und T\u00fcllmaterial. Verstellbarer Strumpfhalterg\u00fcrtel und Spitzen-String. Farbe: rotGr\u00f6\u00dfen: S\/M oder L\/XL Material: 90% Polyester, 10% Elasthan<\/p>\n","protected":false},"featured_media":3349,"comment_status":"closed","ping_status":"open","template":"","meta":{"site-sidebar-layout":"default","site-content-layout":"default","ast-global-header-display":"","ast-main-header-display":"","ast-hfb-above-header-display":"","ast-hfb-below-header-display":"","ast-hfb-mobile-header-display":"","site-post-title":"","ast-breadcrumbs-content":"","ast-featured-img":"","footer-sml-layout":"","theme-transparent-header-meta":"","adv-header-id-meta":"","stick-header-meta":"","header-above-stick-meta":"","header-main-stick-meta":"","header-below-stick-meta":""},"product_cat":[35],"product_tag":[],"class_list":{"0":"post-3348","1":"product","2":"type-product","3":"status-publish","4":"has-post-thumbnail","6":"product_cat-slips-strings-bhs-sets","7":"pa_size-l-xl","8":"pa_size-s-m","9":"desktop-align-left","10":"tablet-align-left","11":"mobile-align-left","13":"first","14":"instock","15":"purchasable","16":"product-type-variable"},"_links":{"self":[{"href":"https:\/\/bellacloths.com\/index.php?rest_route=\/wp\/v2\/product\/3348","targetHints":{"allow":["GET"]}}],"collection":[{"href":"https:\/\/bellacloths.com\/index.php?rest_route=\/wp\/v2\/product"}],"about":[{"href":"https:\/\/bellacloths.com\/index.php?rest_route=\/wp\/v2\/types\/product"}],"replies":[{"embeddable":true,"href":"https:\/\/bellacloths.com\/index.php?rest_route=%2Fwp%2Fv2%2Fcomments&post=3348"}],"wp:featuredmedia":[{"embeddable":true,"href":"https:\/\/bellacloths.com\/index.php?rest_route=\/wp\/v2\/media\/3349"}],"wp:attachment":[{"href":"https:\/\/bellacloths.com\/index.php?rest_route=%2Fwp%2Fv2%2Fmedia&parent=3348"}],"wp:term":[{"taxonomy":"product_cat","embeddable":true,"href":"https:\/\/bellacloths.com\/index.php?rest_route=%2Fwp%2Fv2%2Fproduct_cat&post=3348"},{"taxonomy":"product_tag","embeddable":true,"href":"https:\/\/bellacloths.com\/index.php?rest_route=%2Fwp%2Fv2%2Fproduct_tag&post=3348"}],"curies":[{"name":"wp","href":"https:\/\/api.w.org\/{rel}","templated":true}]}}