{"id":3360,"date":"2023-03-20T17:06:41","date_gmt":"2023-03-20T17:06:41","guid":{"rendered":"https:\/\/bellacloths.com\/?product=langes-babydoll-cr3883-rot"},"modified":"2023-03-20T17:07:12","modified_gmt":"2023-03-20T17:07:12","slug":"langes-babydoll-cr3883-rot","status":"publish","type":"product","link":"https:\/\/bellacloths.com\/?product=langes-babydoll-cr3883-rot","title":{"rendered":"Langes Babydoll CR3883 rot"},"content":{"rendered":"<p>CR3883 Langes Babydoll + String rot von Chilirose<br \/>Langes Babydoll mit sexy R\u00fcckenschlitz. Aus elastisch weichem und leicht durchscheinendem Material mit Spitzendetails und Schleife am Dekolletee. Verstellbare Kreuztr\u00e4ger sorgen f\u00fcr eine individuelle Passform. Inklusive passenden String.<\/p>\n<p>Farbe: rot<br \/>Gr\u00f6\u00dfen: S\/M oder L\/XL<\/p>\n<p>Material: 90% Polyester, 10% Elasthan<\/p>\n","protected":false},"excerpt":{"rendered":"<p>CR3883 Langes Babydoll + String rot von ChiliroseLanges Babydoll mit sexy R\u00fcckenschlitz. Aus elastisch weichem und leicht durchscheinendem Material mit Spitzendetails und Schleife am Dekolletee. Verstellbare Kreuztr\u00e4ger sorgen f\u00fcr eine individuelle Passform. Inklusive passenden String. Farbe: rotGr\u00f6\u00dfen: S\/M oder L\/XL Material: 90% Polyester, 10% Elasthan<\/p>\n","protected":false},"featured_media":3361,"comment_status":"closed","ping_status":"open","template":"","meta":{"site-sidebar-layout":"default","site-content-layout":"default","ast-global-header-display":"","ast-main-header-display":"","ast-hfb-above-header-display":"","ast-hfb-below-header-display":"","ast-hfb-mobile-header-display":"","site-post-title":"","ast-breadcrumbs-content":"","ast-featured-img":"","footer-sml-layout":"","theme-transparent-header-meta":"","adv-header-id-meta":"","stick-header-meta":"","header-above-stick-meta":"","header-main-stick-meta":"","header-below-stick-meta":""},"product_cat":[41],"product_tag":[],"class_list":{"0":"post-3360","1":"product","2":"type-product","3":"status-publish","4":"has-post-thumbnail","6":"product_cat-babydolls-negligees","7":"pa_size-l-xl","8":"pa_size-s-m","9":"desktop-align-left","10":"tablet-align-left","11":"mobile-align-left","13":"first","14":"instock","15":"purchasable","16":"product-type-variable"},"_links":{"self":[{"href":"https:\/\/bellacloths.com\/index.php?rest_route=\/wp\/v2\/product\/3360","targetHints":{"allow":["GET"]}}],"collection":[{"href":"https:\/\/bellacloths.com\/index.php?rest_route=\/wp\/v2\/product"}],"about":[{"href":"https:\/\/bellacloths.com\/index.php?rest_route=\/wp\/v2\/types\/product"}],"replies":[{"embeddable":true,"href":"https:\/\/bellacloths.com\/index.php?rest_route=%2Fwp%2Fv2%2Fcomments&post=3360"}],"wp:featuredmedia":[{"embeddable":true,"href":"https:\/\/bellacloths.com\/index.php?rest_route=\/wp\/v2\/media\/3361"}],"wp:attachment":[{"href":"https:\/\/bellacloths.com\/index.php?rest_route=%2Fwp%2Fv2%2Fmedia&parent=3360"}],"wp:term":[{"taxonomy":"product_cat","embeddable":true,"href":"https:\/\/bellacloths.com\/index.php?rest_route=%2Fwp%2Fv2%2Fproduct_cat&post=3360"},{"taxonomy":"product_tag","embeddable":true,"href":"https:\/\/bellacloths.com\/index.php?rest_route=%2Fwp%2Fv2%2Fproduct_tag&post=3360"}],"curies":[{"name":"wp","href":"https:\/\/api.w.org\/{rel}","templated":true}]}}