{"id":3365,"date":"2023-03-20T17:06:41","date_gmt":"2023-03-20T17:06:41","guid":{"rendered":"https:\/\/bellacloths.com\/?product=3d-body-cr3814"},"modified":"2023-03-20T17:07:38","modified_gmt":"2023-03-20T17:07:38","slug":"3d-body-cr3814","status":"publish","type":"product","link":"https:\/\/bellacloths.com\/?product=3d-body-cr3814","title":{"rendered":"3D-Body CR3814"},"content":{"rendered":"<p>Chilirose CR3814 Body mit 3D-Effekt<br \/>Body mit langen \u00c4rmeln, Rei\u00dfverschluss auf der R\u00fcckseite und verstellbarem Verschluss im Schritt. Aus elastischem, schwarzem Material mit einem dreidimensionalen Effekt. Mit einer interessanten Zierschn\u00fcrung auf der Vorderseite, die das Dekolletee sexy in Szene setzt.<\/p>\n<p>Gr\u00f6\u00dfen: S, M oder L<br \/>Farbe: schwarz<\/p>\n<p>Material: 90% Polyester, 10% Elasthan<\/p>\n","protected":false},"excerpt":{"rendered":"<p>Chilirose CR3814 Body mit 3D-EffektBody mit langen \u00c4rmeln, Rei\u00dfverschluss auf der R\u00fcckseite und verstellbarem Verschluss im Schritt. Aus elastischem, schwarzem Material mit einem dreidimensionalen Effekt. Mit einer interessanten Zierschn\u00fcrung auf der Vorderseite, die das Dekolletee sexy in Szene setzt. Gr\u00f6\u00dfen: S, M oder LFarbe: schwarz Material: 90% Polyester, 10% Elasthan<\/p>\n","protected":false},"featured_media":3366,"comment_status":"closed","ping_status":"open","template":"","meta":{"site-sidebar-layout":"default","site-content-layout":"default","ast-global-header-display":"","ast-main-header-display":"","ast-hfb-above-header-display":"","ast-hfb-below-header-display":"","ast-hfb-mobile-header-display":"","site-post-title":"","ast-breadcrumbs-content":"","ast-featured-img":"","footer-sml-layout":"","theme-transparent-header-meta":"","adv-header-id-meta":"","stick-header-meta":"","header-above-stick-meta":"","header-main-stick-meta":"","header-below-stick-meta":""},"product_cat":[28],"product_tag":[],"class_list":{"0":"post-3365","1":"product","2":"type-product","3":"status-publish","4":"has-post-thumbnail","6":"product_cat-bodies-catsuits","7":"pa_size-l","8":"pa_size-m","9":"pa_size-s","10":"desktop-align-left","11":"tablet-align-left","12":"mobile-align-left","14":"first","15":"instock","16":"purchasable","17":"product-type-variable"},"_links":{"self":[{"href":"https:\/\/bellacloths.com\/index.php?rest_route=\/wp\/v2\/product\/3365","targetHints":{"allow":["GET"]}}],"collection":[{"href":"https:\/\/bellacloths.com\/index.php?rest_route=\/wp\/v2\/product"}],"about":[{"href":"https:\/\/bellacloths.com\/index.php?rest_route=\/wp\/v2\/types\/product"}],"replies":[{"embeddable":true,"href":"https:\/\/bellacloths.com\/index.php?rest_route=%2Fwp%2Fv2%2Fcomments&post=3365"}],"wp:featuredmedia":[{"embeddable":true,"href":"https:\/\/bellacloths.com\/index.php?rest_route=\/wp\/v2\/media\/3366"}],"wp:attachment":[{"href":"https:\/\/bellacloths.com\/index.php?rest_route=%2Fwp%2Fv2%2Fmedia&parent=3365"}],"wp:term":[{"taxonomy":"product_cat","embeddable":true,"href":"https:\/\/bellacloths.com\/index.php?rest_route=%2Fwp%2Fv2%2Fproduct_cat&post=3365"},{"taxonomy":"product_tag","embeddable":true,"href":"https:\/\/bellacloths.com\/index.php?rest_route=%2Fwp%2Fv2%2Fproduct_tag&post=3365"}],"curies":[{"name":"wp","href":"https:\/\/api.w.org\/{rel}","templated":true}]}}